{"id":76,"date":"2019-02-23T10:29:52","date_gmt":"2019-02-23T09:29:52","guid":{"rendered":"http:\/\/sylvette-denefle.com\/?page_id=76"},"modified":"2019-02-23T10:29:52","modified_gmt":"2019-02-23T09:29:52","slug":"mentions-legales","status":"publish","type":"page","link":"https:\/\/sylvette-denefle.com\/?page_id=76","title":{"rendered":"Mentions l\u00e9gales"},"content":{"rendered":"<div id=\"modal-ready\"><p><strong>Responsable de la publication<\/strong><\/p>\n<p>Sylvette Den\u00e8fle<\/p>\n<p><strong>H\u00e9bergement<\/strong><\/p>\n<p>1&amp;1 Internet AG<br \/>\nBrauerstr. 48<br \/>\n76135 Karlsruhe<br \/>\nAllemagne<\/p>\n<p><strong>Utilisation des cookies :<\/strong><\/p>\n<p>Les cookies sont des petits fichiers textes stock\u00e9s sur votre ordinateur qui contiennent des informations permettant au d\u00e9veloppeur du site de conserver des donn\u00e9es afin de faciliter votre navigation et de permettre certaines fonctionnalit\u00e9s.<\/p>\n<p>Si vous souhaitez en savoir plus sur les cookies, vous pouvez consulter <a href=\"https:\/\/www.cnil.fr\/fr\/cookies-les-outils-pour-les-maitriser\">la page de la CNIL<\/a> consacr\u00e9e au sujet.<\/p>\n<p>Si vous souhaitez savoir quels cookies sont d\u00e9pos\u00e9s sur votre ordinateur durant votre navigation, vous pouvez utiliser <a href=\"https:\/\/linc.cnil.fr\/fr\/cookieviz-une-dataviz-en-temps-reel-du-tracking-de-votre-navigation\">CookieViz<\/a>.<\/p>\n<p><strong>Site\u00a0<\/strong><\/p>\n<p>Site r\u00e9alis\u00e9 par <a href=\"http:\/\/thomas-lallier.fr\/\">Thomas Lallier<\/a><\/p>\n<\/div>","protected":false},"excerpt":{"rendered":"<p>Responsable de la publication Sylvette Den\u00e8fle H\u00e9bergement 1&amp;1 Internet AG Brauerstr. 48 76135 Karlsruhe Allemagne Utilisation des cookies : Les cookies sont des petits fichiers textes stock\u00e9s sur votre ordinateur qui contiennent des informations permettant au d\u00e9veloppeur du site de conserver des donn\u00e9es afin de faciliter votre navigation et de permettre certaines fonctionnalit\u00e9s. Si vous <a href=\"https:\/\/sylvette-denefle.com\/?page_id=76\" class=\"more-link\">&#8230;<\/a><\/p>\n","protected":false},"author":1,"featured_media":0,"parent":0,"menu_order":0,"comment_status":"closed","ping_status":"closed","template":"","meta":{"footnotes":""},"class_list":["post-76","page","type-page","status-publish","hentry"],"_links":{"self":[{"href":"https:\/\/sylvette-denefle.com\/index.php?rest_route=\/wp\/v2\/pages\/76","targetHints":{"allow":["GET"]}}],"collection":[{"href":"https:\/\/sylvette-denefle.com\/index.php?rest_route=\/wp\/v2\/pages"}],"about":[{"href":"https:\/\/sylvette-denefle.com\/index.php?rest_route=\/wp\/v2\/types\/page"}],"author":[{"embeddable":true,"href":"https:\/\/sylvette-denefle.com\/index.php?rest_route=\/wp\/v2\/users\/1"}],"replies":[{"embeddable":true,"href":"https:\/\/sylvette-denefle.com\/index.php?rest_route=%2Fwp%2Fv2%2Fcomments&post=76"}],"version-history":[{"count":1,"href":"https:\/\/sylvette-denefle.com\/index.php?rest_route=\/wp\/v2\/pages\/76\/revisions"}],"predecessor-version":[{"id":77,"href":"https:\/\/sylvette-denefle.com\/index.php?rest_route=\/wp\/v2\/pages\/76\/revisions\/77"}],"wp:attachment":[{"href":"https:\/\/sylvette-denefle.com\/index.php?rest_route=%2Fwp%2Fv2%2Fmedia&parent=76"}],"curies":[{"name":"wp","href":"https:\/\/api.w.org\/{rel}","templated":true}]}}