{"id":46,"date":"2019-02-17T16:26:05","date_gmt":"2019-02-17T15:26:05","guid":{"rendered":"http:\/\/sylvette-denefle.com\/?page_id=46"},"modified":"2019-04-08T19:00:15","modified_gmt":"2019-04-08T17:00:15","slug":"cv","status":"publish","type":"page","link":"https:\/\/sylvette-denefle.com\/?page_id=46","title":{"rendered":"Curriculum Vitae"},"content":{"rendered":"<div id=\"modal-ready\"><h4>Expertises<\/h4>\n<div>.Experte-Evaluatrice \u00ab Science, Research and Development \u00bb Commission Europ\u00e9enne PCRDT Bruxelles. .Experte-Evaluatrice ANR. .Experte-Evaluatrice AERES. .Membre de la section 39 du Comit\u00e9 National du CNRS de 2008 \u00e0 2011. .Membre de la 19\u00e8 section du CNU (sociologie) 1995-98 .Membre de commissions de sp\u00e9cialistes, de jurys de concours et de comit\u00e9s de s\u00e9lection .Experte-Evaluatrice de divers conseils scientifiques r\u00e9gionaux (Bretagne-Centre-Fanche-Comt\u00e9-Nord) et institutions (Cifre-IEC-Ademe-Recma-Divers revues)<\/div>\n<div><\/div>\n<div>\n<h4>Etudes<\/h4>\n<div>\n<ul>\n<li>Habilitation \u00e0 diriger des recherches (Sociologie) Lyon 2<\/li>\n<li>Doctorat de 3\u00e8me cycle d&rsquo;Ethnologie Paris (EHESS)<\/li>\n<li>Doctorat de 3\u00e8me cycle de Philosophie Aix-en-Provence<\/li>\n<li>Ma\u00eetrise de Logique Formelle Paris V Sorbonne<\/li>\n<li>Ma\u00eetrise de Philosophie Aix-en-Provence<\/li>\n<\/ul>\n<\/div>\n<h4>Exp\u00e9riences professionnelles<\/h4>\n<p><strong>. 2014 ..\u00a0<\/strong>Professeure \u00e9m\u00e9rite des universit\u00e9s<\/p>\n<p>.\u00a0<strong>2009-14<\/strong>\u00a0Promotion \u00e0 la classe exceptionnelle des professeurs des universit\u00e9s<strong><br \/>\n<\/strong><\/p>\n<p><strong>. 1998-14\u00a0<\/strong>Professeure de sociologie \u00e0 l&rsquo;Universit\u00e9 Fran\u00e7ois Rabelais de Tours<\/p>\n<p><strong>. 1987-98\u00a0<\/strong>Ma\u00eetre de conf\u00e9rences de sociologie \u00e0 l&rsquo;Universit\u00e9 de Nantes<\/p>\n<p><strong>. 1981-86<\/strong>\u00a0Ma\u00eetre-Assistante en coop\u00e9ration \u00e0 l&rsquo;Universit\u00e9 de Ouagadougou (Burkina Faso)<\/p>\n<p><strong>. 1977-81<\/strong>\u00a0Charg\u00e9e d&rsquo;\u00e9tudes et de cours \u00e0 l&rsquo;Universit\u00e9 de Bretagne Occidentale (Brest)<br \/>\n<strong>. 1971-73\u00a0<\/strong>Monitrice \u00e0 l&rsquo;Universit\u00e9 de Toronto (Canada)<\/p>\n<p><strong>. Membre de l%u2019UMR 7324 CITERES\u00a0<\/strong>(Cit\u00e9s, Territoires, Environnement et Soci\u00e9t\u00e9s)<\/p>\n<\/div>\n<h4>Responsabilit\u00e9s administratives<\/h4>\n<div>\n<ul>\n<li>2010 &#8211;\u00a0.\u00a0Membre du Conseil Scientifique national du CNRS, membre du bureau du Conseil Scientifique du CNRS, membre du C3N du Comit\u00e9 National du CNRS, membre associ\u00e9e du Conseil Scientifique de l%u2019Institut des Sciences Humaines et Sociales du CNRS<\/li>\n<li><\/li>\n<li>2008-2010 Membre du comit\u00e9 national du CNRS section 39<\/li>\n<li>2004-2012 : Directrice de la Maison des Sciences de l&rsquo;Homme de Tours et de\u00a0<a class=\"amini\" href=\"http:\/\/www.univ-tours.fr\/msh\" target=\"_blank\" rel=\"noopener\">l&rsquo;UMS 1835<\/a>\u00a0(Universit\u00e9 Fran\u00e7ois Rabelais \/ CNRS) (www.univ-tours.fr\/msh).<\/li>\n<li>2000-2003 : Directrice de\u00a0<u>l&rsquo;Ecole Doctorale Sciences de l&rsquo;Homme et de la Soci\u00e9t\u00e9<\/u>\u00a0de l&rsquo;Universit\u00e9 Fran\u00e7ois Rabelais.<\/li>\n<li>1998-1999 : Directrice de la fili\u00e8re Villes et Territoires de l&rsquo;Ecole Doctorale Sciences de l&rsquo;Homme et de la Soci\u00e9t\u00e9 de l&rsquo;Universit\u00e9 Fran\u00e7ois Rabelais r\u00e9unissant 6 DEA et directrice du DEA Sociologie.<\/li>\n<li>1999-2004 Charg\u00e9e de Mission \u00e0 l&rsquo;\u00e9galit\u00e9 entre les femmes et les hommes \u00e0 l&rsquo;Universit\u00e9 Fran\u00e7ois Rabelais<\/li>\n<li>Membre du CNU 19<sup>\u00e8me<\/sup>\u00a0section, entre 1995 et 1998<\/li>\n<\/ul>\n<p>Membre de plusieurs Conseils d&rsquo;administration, conseils scientifiques et bureaux d&rsquo;\u00e9quipes scientifiques.<\/p>\n<\/div>\n<div><\/div>\n<div>\n<h4>Responsabilit\u00e9s scientifiques<\/h4>\n<ul>\n<li>2013-2015\u00a0Co-direction scientifique du programme AP-R\u00e9gion Centre\u00a0ECLIPS\u00a0\u00ab Expertise citoyenne : Limites, Int\u00e9r\u00eats et Perspectives Sociales de la participation des habitants dans les projets de logements en r\u00e9gion Centre \u00bb<\/li>\n<li>2010-2013\u00a0Direction scientifique et coordination du programme ANR Espace et Territoire,\u00a0<strong>Alter-Prop<\/strong>\u00a0\u00ab Partages des espaces habit\u00e9s : vers des formes alternatives de propri\u00e9t\u00e9 pour l%u2019habitat \u00bb<\/li>\n<li>avril 2011- mars 2012\u00a0Direction scientifique et coordination du programme Studium-R\u00e9gion Centre Project for a research associate position \u00ab\u00a0Self-organized housing: the position of citizens in the national and regional planning system\u00bb, (invitee L.Tummers Pays Bas),<\/li>\n<li>D\u00e9cembre 2010-mars 2011\u00a0Direction scientifique et coordination du programme \u00ab Innovative architectural experiments \u00bb, UMI 3157 CNRS, Udall Center for Studies in Public Policy, University of Arizona, Tucson, USA,<\/li>\n<li>2008-2009\u00a0Coordination d&rsquo;un programme Europ\u00e9en Urban-net\u00a0Sustainable Urban Development, \u00ab Urban and Gendered Sustainability \u00bb (France, Pays Bas, Su\u00e8de)<\/li>\n<li>2005-2012 Direction scientifique du projet \u00ab\u00a0<b><a href=\"http:\/\/crevilles.org\/\">Cr\u00e9villes\u00a0<\/a><\/b>\u00bb (www.crevilles.org) de Recherche documentaire financ\u00e9 dans le cadre du CPER Centre.<\/li>\n<li>2005-2008\u00a0Co-direction scientifique du programme ANR\u00a0<strong>Ehea<\/strong>\u00a0\u00ab Espaces habit\u00e9s, espaces anticip\u00e9s \u00bb<\/li>\n<li>2004-2009\u00a0Direction de la collection \u00abVilles et Territoires \u00bb aux Presses de l%u2019Universit\u00e9 Fran\u00e7ois Rabelais<\/li>\n<li>2002-2007 Direction scientifique de 2 contrats europ\u00e9ens FSE (Egalit\u00e9 entre les Femmes et les Hommes \u00e0 l&rsquo;Universit\u00e9) et partenariat de 2 contrats Erasmus Doctorat (Athena)<\/li>\n<li>Direction scientifique de plusieurs contrats FNS, d&rsquo;un contrat ANR, de divers contrats nationaux et locaux.<\/li>\n<li>Directions scientifiques de colloques et manifestations scientifiques internationales (voir\u00a0publications)<\/li>\n<li>Encadrement scientifique de ma\u00eetrises, masters, th\u00e8ses de sociologie.<\/li>\n<li>Participations \u00e0 des jurys de th\u00e8se et d&rsquo;Habilitation \u00e0 Diriger des Recherches<\/li>\n<\/ul>\n<\/div>\n<\/div>","protected":false},"excerpt":{"rendered":"<p>Expertises .Experte-Evaluatrice \u00ab Science, Research and Development \u00bb Commission Europ\u00e9enne PCRDT Bruxelles. .Experte-Evaluatrice ANR. .Experte-Evaluatrice AERES. .Membre de la section 39 du Comit\u00e9 National du CNRS de 2008 \u00e0 2011. .Membre de la 19\u00e8 section du CNU (sociologie) 1995-98 .Membre de commissions de sp\u00e9cialistes, de jurys de concours et de comit\u00e9s de s\u00e9lection .Experte-Evaluatrice de <a href=\"https:\/\/sylvette-denefle.com\/?page_id=46\" class=\"more-link\">&#8230;<\/a><\/p>\n","protected":false},"author":1,"featured_media":0,"parent":0,"menu_order":0,"comment_status":"closed","ping_status":"closed","template":"curriculum.php","meta":{"footnotes":""},"class_list":["post-46","page","type-page","status-publish","hentry"],"_links":{"self":[{"href":"https:\/\/sylvette-denefle.com\/index.php?rest_route=\/wp\/v2\/pages\/46","targetHints":{"allow":["GET"]}}],"collection":[{"href":"https:\/\/sylvette-denefle.com\/index.php?rest_route=\/wp\/v2\/pages"}],"about":[{"href":"https:\/\/sylvette-denefle.com\/index.php?rest_route=\/wp\/v2\/types\/page"}],"author":[{"embeddable":true,"href":"https:\/\/sylvette-denefle.com\/index.php?rest_route=\/wp\/v2\/users\/1"}],"replies":[{"embeddable":true,"href":"https:\/\/sylvette-denefle.com\/index.php?rest_route=%2Fwp%2Fv2%2Fcomments&post=46"}],"version-history":[{"count":6,"href":"https:\/\/sylvette-denefle.com\/index.php?rest_route=\/wp\/v2\/pages\/46\/revisions"}],"predecessor-version":[{"id":557,"href":"https:\/\/sylvette-denefle.com\/index.php?rest_route=\/wp\/v2\/pages\/46\/revisions\/557"}],"wp:attachment":[{"href":"https:\/\/sylvette-denefle.com\/index.php?rest_route=%2Fwp%2Fv2%2Fmedia&parent=46"}],"curies":[{"name":"wp","href":"https:\/\/api.w.org\/{rel}","templated":true}]}}